{"id":157,"date":"2013-01-23T20:24:20","date_gmt":"2013-01-23T18:24:20","guid":{"rendered":"http:\/\/www.ruoste.com\/?page_id=157"},"modified":"2022-10-21T13:57:08","modified_gmt":"2022-10-21T11:57:08","slug":"live-stream","status":"publish","type":"page","link":"https:\/\/www.ruoste.com\/?page_id=157","title":{"rendered":"Live Stream"},"content":{"rendered":"\n<figure class=\"wp-block-image size-large is-resized\"><a href=\"http:\/\/www.ruoste.com\/ruoste\/wp-content\/uploads\/2022\/10\/live-eventti4-ei-logoa.jpg\"><img loading=\"lazy\" decoding=\"async\" src=\"http:\/\/www.ruoste.com\/ruoste\/wp-content\/uploads\/2022\/10\/live-eventti4-ei-logoa-1024x576.jpg\" alt=\"\" class=\"wp-image-369\" width=\"613\" height=\"344\" srcset=\"https:\/\/www.ruoste.com\/ruoste\/wp-content\/uploads\/2022\/10\/live-eventti4-ei-logoa-1024x576.jpg 1024w, https:\/\/www.ruoste.com\/ruoste\/wp-content\/uploads\/2022\/10\/live-eventti4-ei-logoa-600x338.jpg 600w, https:\/\/www.ruoste.com\/ruoste\/wp-content\/uploads\/2022\/10\/live-eventti4-ei-logoa-300x169.jpg 300w, https:\/\/www.ruoste.com\/ruoste\/wp-content\/uploads\/2022\/10\/live-eventti4-ei-logoa-768x432.jpg 768w, https:\/\/www.ruoste.com\/ruoste\/wp-content\/uploads\/2022\/10\/live-eventti4-ei-logoa-1536x864.jpg 1536w, https:\/\/www.ruoste.com\/ruoste\/wp-content\/uploads\/2022\/10\/live-eventti4-ei-logoa.jpg 1920w\" sizes=\"auto, (max-width: 613px) 100vw, 613px\" \/><\/a><\/figure>\n\n\n\n<p>Streamaus on mahdollista toteuttaa 1-8 kameralla, k\u00e4yt\u00f6ss\u00e4 on sek\u00e4 OBS ett\u00e4 Wirecast Pro.<br>Livemiksereit\u00e4 on kolme, eli tarvittaessa voidaan streamata kolmesta eri lokaatiosta samaan aikaan.<br>K\u00e4yt\u00f6ss\u00e4 on my\u00f6s Robottikamerat (2kpl) jotka voidaan sijoittaa huomaamattomammin kuin tavallinen tuotantokamera, Robottikameroiden ohjaimeen voidaan tallentaa 6 eri kuvakulmaa per kamera.<br>Streamaus voidaan tehd\u00e4 perinteisten youtuben, vimeon ym. lis\u00e4ksi my\u00f6s Teamsiin tai Zoomiin, t\u00e4ll\u00f6in webinaari tms n\u00e4ytt\u00e4\u00e4 huomattavasti ammattimaisemmalta.<br>L\u00e4hetykseen saadaan my\u00f6s logot, nimi-planssit, mainokset, taukokuvat ym. <\/p>\n\n\n\n<p>Ota yhteytt\u00e4!<\/p>\n","protected":false},"excerpt":{"rendered":"<p>Streamaus on mahdollista toteuttaa 1-8 kameralla, k\u00e4yt\u00f6ss\u00e4 on sek\u00e4 OBS ett\u00e4 Wirecast Pro.Livemiksereit\u00e4 on kolme, eli tarvittaessa voidaan streamata kolmesta eri lokaatiosta samaan aikaan.K\u00e4yt\u00f6ss\u00e4 on my\u00f6s Robottikamerat (2kpl) jotka voidaan sijoittaa huomaamattomammin kuin tavallinen tuotantokamera, Robottikameroiden ohjaimeen voidaan tallentaa 6 eri kuvakulmaa per kamera.Streamaus voidaan tehd\u00e4 perinteisten youtuben, vimeon ym. lis\u00e4ksi my\u00f6s Teamsiin tai Zoomiin, t\u00e4ll\u00f6in webinaari tms n\u00e4ytt\u00e4\u00e4 huomattavasti ammattimaisemmalta.L\u00e4hetykseen saadaan my\u00f6s logot, nimi-planssit, mainokset, taukokuvat ym. Ota yhteytt\u00e4!<\/p>\n","protected":false},"author":1,"featured_media":0,"parent":0,"menu_order":0,"comment_status":"closed","ping_status":"closed","template":"","meta":{"footnotes":""},"class_list":["post-157","page","type-page","status-publish","hentry"],"_links":{"self":[{"href":"https:\/\/www.ruoste.com\/index.php?rest_route=\/wp\/v2\/pages\/157","targetHints":{"allow":["GET"]}}],"collection":[{"href":"https:\/\/www.ruoste.com\/index.php?rest_route=\/wp\/v2\/pages"}],"about":[{"href":"https:\/\/www.ruoste.com\/index.php?rest_route=\/wp\/v2\/types\/page"}],"author":[{"embeddable":true,"href":"https:\/\/www.ruoste.com\/index.php?rest_route=\/wp\/v2\/users\/1"}],"replies":[{"embeddable":true,"href":"https:\/\/www.ruoste.com\/index.php?rest_route=%2Fwp%2Fv2%2Fcomments&post=157"}],"version-history":[{"count":13,"href":"https:\/\/www.ruoste.com\/index.php?rest_route=\/wp\/v2\/pages\/157\/revisions"}],"predecessor-version":[{"id":372,"href":"https:\/\/www.ruoste.com\/index.php?rest_route=\/wp\/v2\/pages\/157\/revisions\/372"}],"wp:attachment":[{"href":"https:\/\/www.ruoste.com\/index.php?rest_route=%2Fwp%2Fv2%2Fmedia&parent=157"}],"curies":[{"name":"wp","href":"https:\/\/api.w.org\/{rel}","templated":true}]}}