{"id":214,"date":"2018-05-19T21:10:56","date_gmt":"2018-05-19T19:10:56","guid":{"rendered":"http:\/\/www.ruoste.com\/?page_id=214"},"modified":"2026-04-09T13:59:12","modified_gmt":"2026-04-09T11:59:12","slug":"testi","status":"publish","type":"page","link":"https:\/\/www.ruoste.com\/?page_id=214","title":{"rendered":"Kalusto"},"content":{"rendered":"\n<p><br>Still-kamerat:<br>Canon EOS R&amp; mk3<br>Canon EOS R6 mk2 <br>Canon EOS-5D Mark III + akkukahva<br>Canon EOS-1Ds Mark II<\/p>\n\n\n\n<p>Videokamerat:<br>4K:<br>Panasonic DVX200 4K<br>Panasonic HC-X2000E 4K<br>Panasonic HC-X1000E 4K<br>Full-HD:<br>Sony EVI-H100S Robottikamera<br>Sony EVI-HD1 PTZ Robottikamera &lt;- 2kpl<br>Sony RM-BR300 Robottikameraohjain<br>Panasonic AG-AC160AEJ + zoom-kahva &lt;- 2kpl<br><\/p>\n\n\n\n<p>Cinema kamerat:<br>Black Magic Pocket Cinema Camera 6K + v-lock ja n\u00e4ytt\u00f6-mod<br>Black Magic Micro Studio Camera 4K G2 + rig<br>Black Magic Cinema Camera 2,5K<br><\/p>\n\n\n\n<p>Muut kamerat:<br>-Z-cam E1 4K minikamera<br>-3x GoPro black 3<br>-GoPro black 4<br>-GoPro Black 10 + micmod<br>-DJI Action 2 Dual Screen combo<br>-4kpl Full-hd handycameja kevyeen monikameratuotantoon<\/p>\n\n\n\n<p>Optiikka:<br>-Canon EF 15mm f\/2.8<br>-Canon EF 35mm f\/2<br>-Canon EF 35mm f\/2 IS<br>-Canon EF 40mm f\/2.8 Pancake<br>-Canon EF 50mm f\/1.4USM<br>-Canon EF 70-200mm f\/2.8L IS USM II<br>-Canon EF 16-35mm f\/2.8L USM<br>-Canon EF 16-35mm\/4L IS<br>-Canon EF 24-105mm f\/4L IS USM<br>-Canon EF 24-70mm f\/2.8L USM<br>-Canon RF 16mm f\/2.8<br>-Canon RF 24-105mm f\/4L IS 2kpl<br>-Canon RF 70-200 f\/4L IS<br>-Samyang 85mm f\/1.4<br>-Sigma 60-600mm f\/4.5-6.3DG HSM<br>-Tamron AF LD 200-400 f\/5.6<br>-Tokina 11-16mm f\/2.8<br><\/p>\n\n\n\n<p>Jalustat:<br>-Manfrotto 546B Kolmijalka<br>-Manfrotto 501HDV Videop\u00e4\u00e4<br>-Manfrotto 679B monopod tilttip\u00e4\u00e4ll\u00e4<br>-Manfrotto 190XB Kolmijalka<br>-Manfrotto 804RC2 Kinop\u00e4\u00e4<br>-Vinten blue<br>-Porta Jib<\/p>\n\n\n\n<p>Videotarvikkeet:<br>-Gini videorig matteboksilla ja follow focuksella<br>-Tilta BMCC cage + follow focus<br>-Etsinlooppi<br>-7&#8243; HDMI n\u00e4ytt\u00f6<br>-10&#8243; HDMI\/HD-SDI n\u00e4ytt\u00f6<br>-HDMI splitter + akkupaketti 20000mah<br>-Godox GM55 5,5&#8243; 4K HDMI<br>-Black Magic Video Assist 5&#8243;<br>-Black Magic Video Assist 7&#8243;<br>-Atomos Ninja V 4K SSD+ SDI module<br>-Black Magic ATEM converter<br>-Black Magic ATEM SDI Pro ISO<br>-Black Magic ATEM Television studio 6 kameran switcheri + minimikseri 4 unitin r\u00e4kiss\u00e4<br>-Black Magic ATEM HD 8 kameran switcheri 4 unitin r\u00e4kiss\u00e4<br>-DJI Mavic Air<br>-DJI Osmo<br>-DJI Osmo Pocket 3 + z-axxis arm<br>-DJI RS3 Pro Combo<br>-Mobile Gimball<br>-Wiral Lite vaijerikamera<\/p>\n\n\n\n<p>Valot:<br>-Godox Litemons LA150Bi&nbsp;x2 +lantern softikset<br>-Godox&nbsp;FL150R 150W Portable Strip++grid<br>-Studioking CSL-100W x2<br>-4xLedpanelivalot st\u00e4ndeill\u00e4, akuilla ja laukulla<br>-Canon EX580 salama, Canon EX430II salama x2+ 3kpl pocketwizard flexttl5 ja Minittl1<br>-Godox AD100Pro  x2<br>-Godox V1<\/p>\n\n\n\n<p>\u00c4\u00e4ni:<br>-Zoom F6 + BT-dongle+Orca case+sennheiser haulikko+puomi<br>-Zoom H2N audiotallennin + APH-2n lis\u00e4tarvikkeet.<br>-Universal Audio apollo twin x duo<br>-Presonus studio 26c<br>-R\u00f6de videomic<br>-R\u00f6de NTG-2<br>-R\u00f6de NT-1A<br>-Sony UTX-B1 + Sony URX-P1 langaton lavarier-mikrofonisetti<br>-Sennheiser ew100 g3 l\u00e4hetin-vastaanotin pari x2<br>-Electro Voice RE50b &lt;-2kpl<\/p>\n\n\n\n<p>Editointisoftat\/ty\u00f6asemat:<br>-Apple MacBook Air<br>-Apple MacBook pro 15&#8243;<br>-Apple MacBook pro retina Touch Bar 15&#8243;<br>-Apple Mac Studio M1 Ultra<br>-Adobe CC (mm, After effects, Premiere ja Photoshop)<br>-Steinberg Cubase Pro 14<br>-Wirecast Pro<\/p>\n","protected":false},"excerpt":{"rendered":"<p>Still-kamerat:Canon EOS R&amp; mk3Canon EOS R6 mk2 Canon EOS-5D Mark III + akkukahvaCanon EOS-1Ds Mark II Videokamerat:4K:Panasonic DVX200 4KPanasonic HC-X2000E 4KPanasonic HC-X1000E 4KFull-HD:Sony EVI-H100S RobottikameraSony EVI-HD1 PTZ Robottikamera &lt;- 2kplSony RM-BR300 RobottikameraohjainPanasonic AG-AC160AEJ + zoom-kahva &lt;- 2kpl Cinema kamerat:Black Magic Pocket Cinema Camera 6K + v-lock ja n\u00e4ytt\u00f6-modBlack Magic Micro Studio Camera 4K G2 + rigBlack Magic Cinema Camera 2,5K Muut kamerat:-Z-cam E1 4K minikamera-3x GoPro black 3-GoPro black 4-GoPro Black 10 + micmod-DJI Action 2 Dual Screen combo-4kpl Full-hd handycameja kevyeen monikameratuotantoon Optiikka:-Canon EF 15mm f\/2.8-Canon EF 35mm f\/2-Canon EF 35mm f\/2 IS-Canon EF 40mm f\/2.8 Pancake-Canon EF 50mm f\/1.4USM-Canon EF 70-200mm f\/2.8L IS USM II-Canon EF 16-35mm f\/2.8L USM-Canon EF 16-35mm\/4L IS-Canon EF 24-105mm f\/4L IS USM-Canon EF 24-70mm f\/2.8L USM-Canon RF 16mm f\/2.8-Canon RF 24-105mm f\/4L IS 2kpl-Canon RF 70-200 f\/4L IS-Samyang 85mm f\/1.4-Sigma 60-600mm f\/4.5-6.3DG HSM-Tamron AF LD 200-400 f\/5.6-Tokina 11-16mm f\/2.8 Jalustat:-Manfrotto 546B Kolmijalka-Manfrotto 501HDV Videop\u00e4\u00e4-Manfrotto 679B monopod tilttip\u00e4\u00e4ll\u00e4-Manfrotto 190XB Kolmijalka-Manfrotto 804RC2 Kinop\u00e4\u00e4-Vinten blue-Porta Jib Videotarvikkeet:-Gini videorig matteboksilla ja follow focuksella-Tilta BMCC cage + follow focus-Etsinlooppi-7&#8243; HDMI n\u00e4ytt\u00f6-10&#8243; HDMI\/HD-SDI n\u00e4ytt\u00f6-HDMI splitter + akkupaketti 20000mah-Godox GM55 5,5&#8243; 4K HDMI-Black Magic Video Assist 5&#8243;-Black Magic Video Assist 7&#8243;-Atomos Ninja V 4K SSD+ SDI module-Black Magic ATEM converter-Black Magic ATEM SDI Pro ISO-Black Magic ATEM Television studio 6 kameran switcheri + minimikseri 4 unitin r\u00e4kiss\u00e4-Black Magic ATEM HD 8 kameran switcheri 4 unitin r\u00e4kiss\u00e4-DJI Mavic Air-DJI Osmo-DJI Osmo Pocket 3 + z-axxis arm-DJI RS3 Pro Combo-Mobile Gimball-Wiral Lite vaijerikamera Valot:-Godox Litemons LA150Bi&nbsp;x2 +lantern softikset-Godox&nbsp;FL150R 150W Portable Strip++grid-Studioking CSL-100W x2-4xLedpanelivalot st\u00e4ndeill\u00e4, akuilla ja laukulla-Canon EX580 salama, Canon EX430II salama x2+ 3kpl pocketwizard flexttl5 ja Minittl1-Godox AD100Pro x2-Godox V1 \u00c4\u00e4ni:-Zoom F6 + BT-dongle+Orca case+sennheiser haulikko+puomi-Zoom H2N audiotallennin + APH-2n lis\u00e4tarvikkeet.-Universal Audio apollo twin x duo-Presonus studio 26c-R\u00f6de videomic-R\u00f6de NTG-2-R\u00f6de NT-1A-Sony UTX-B1 + Sony URX-P1 langaton lavarier-mikrofonisetti-Sennheiser ew100 g3 l\u00e4hetin-vastaanotin pari x2-Electro Voice RE50b &lt;-2kpl Editointisoftat\/ty\u00f6asemat:-Apple MacBook Air-Apple MacBook pro 15&#8243;-Apple MacBook pro retina Touch Bar 15&#8243;-Apple Mac Studio M1 Ultra-Adobe CC (mm, After effects, Premiere ja Photoshop)-Steinberg Cubase Pro 14-Wirecast Pro<\/p>\n","protected":false},"author":1,"featured_media":0,"parent":0,"menu_order":-3,"comment_status":"closed","ping_status":"closed","template":"","meta":{"footnotes":""},"class_list":["post-214","page","type-page","status-publish","hentry"],"_links":{"self":[{"href":"https:\/\/www.ruoste.com\/index.php?rest_route=\/wp\/v2\/pages\/214","targetHints":{"allow":["GET"]}}],"collection":[{"href":"https:\/\/www.ruoste.com\/index.php?rest_route=\/wp\/v2\/pages"}],"about":[{"href":"https:\/\/www.ruoste.com\/index.php?rest_route=\/wp\/v2\/types\/page"}],"author":[{"embeddable":true,"href":"https:\/\/www.ruoste.com\/index.php?rest_route=\/wp\/v2\/users\/1"}],"replies":[{"embeddable":true,"href":"https:\/\/www.ruoste.com\/index.php?rest_route=%2Fwp%2Fv2%2Fcomments&post=214"}],"version-history":[{"count":21,"href":"https:\/\/www.ruoste.com\/index.php?rest_route=\/wp\/v2\/pages\/214\/revisions"}],"predecessor-version":[{"id":8869,"href":"https:\/\/www.ruoste.com\/index.php?rest_route=\/wp\/v2\/pages\/214\/revisions\/8869"}],"wp:attachment":[{"href":"https:\/\/www.ruoste.com\/index.php?rest_route=%2Fwp%2Fv2%2Fmedia&parent=214"}],"curies":[{"name":"wp","href":"https:\/\/api.w.org\/{rel}","templated":true}]}}